{"id":25666,"date":"2019-10-09T14:13:05","date_gmt":"2019-10-09T12:13:05","guid":{"rendered":"https:\/\/bailedepinguinos.org\/cms\/?page_id=25666"},"modified":"2026-04-08T22:27:28","modified_gmt":"2026-04-08T20:27:28","slug":"politica-de-privacidad","status":"publish","type":"page","link":"https:\/\/bailedepinguinos.org\/cms\/politica-de-privacidad\/","title":{"rendered":"Pol\u00edtica de privacidad"},"content":{"rendered":"<meta name=\"description\" content=\" Pol\u00edtica de privacidad y  protecci\u00f3n de Datos de Car\u00e1cter Personal -LOPD- de Baile de Ping\u00fcinos por la Esclerosis M\u00faltiple \">\n\n\n<p class=\"has-very-light-gray-background-color has-background\">INTRODUCCI\u00d3N <\/p>\n\n\n\n<p><strong>En cumplimiento de lo dispuesto en la Ley Org\u00e1nica 15\/1999, de 13 de Diciembre, de Protecci\u00f3n de Datos de Car\u00e1cter Personal (LOPD) <\/strong>se informa al usuario que todos los datos que nos proporcione ser\u00e1n incorporados a un fichero, creado y mantenido bajo la responsabilidad de Baile de Ping\u00fcinos por la Esclerosis M\u00faltiple. <\/p>\n\n\n\n<p>A trav\u00e9s de este sitio web <strong>no se recaban <\/strong>datos de car\u00e1cter personal de los usuarios sin su conocimiento, ni se ceden a terceros.<\/p>\n\n\n\n<p><strong>Con la finalidad de ofrecerle el mejor servicio y con el objeto de facilitar el uso<\/strong>, se analizan el n\u00famero de p\u00e1ginas visitadas, el n\u00famero de visitas, as\u00ed como la actividad de los visitantes y su frecuencia de utilizaci\u00f3n. A estos efectos, Baile de Ping\u00fcinos &nbsp;por la Esclerosis M\u00faltiple utiliza la informaci\u00f3n estad\u00edstica registrada por los usuarios y usuarias a trav\u00e9s de <a href=\"http:\/\/www.bailedepingunos.org\">www.bailedepingunos.org<\/a>. <\/p>\n\n\n\n<p><a href=\"http:\/\/www.bailedepingunos.org\">www.bailedepingunos.org<\/a> contiene enlaces a sitios web de terceros, <strong>cuyas pol\u00edticas de privacidad son ajenas a nosotros<\/strong>. Al acceder a tales sitios web usted puede decidir si acepta sus pol\u00edticas de privacidad y de cookies.<\/p>\n\n\n\n<p class=\"has-very-light-gray-background-color has-background\">INFORMACI\u00d3N B\u00c1SICA SOBRE PROTECCI\u00d3N DE DATOS <\/p>\n\n\n\n<p>A continuaci\u00f3n, le informamos sobre la <strong>pol\u00edtica de protecci\u00f3n de datos <\/strong>de la asociaci\u00f3n Baile de Pinguinos por la Esclerosis M\u00faltiple.<\/p>\n\n\n\n<p class=\"has-very-light-gray-background-color has-background\">RESPONSABLE DEL TRATAMIENTO <\/p>\n\n\n\n<p>Los datos de car\u00e1cter personal que se pudieran recabar directamente del interesado ser\u00e1n <strong>tratados de forma confidencial<\/strong> y quedar\u00e1n incorporados a la correspondiente actividad de tratamiento gestionada por Baile de Ping\u00fcinos por la Esclerosis M\u00faltiple .<\/p>\n\n\n\n<p class=\"has-very-light-gray-background-color has-background\">FINALIDAD <\/p>\n\n\n\n<p>Siempre se va a respetar la confidencialidad de sus datos personales que s\u00f3lo ser\u00e1n utilizados con la <strong>finalidad de gestionar los servicios ofrecidos<\/strong>, <strong>atender a las solicitudes que nos plantee<\/strong>, <strong>realizar tareas administrativas<\/strong>, as\u00ed como <strong>remitir informaci\u00f3n<\/strong> t\u00e9cnica, comercial o publicitaria por v\u00eda ordinaria o electr\u00f3nica.<\/p>\n\n\n\n<p class=\"has-very-light-gray-background-color has-background\">LEGITIMACI\u00d3N <\/p>\n\n\n\n<p>El tratamiento de sus datos se realiza para el <strong>cumplimiento de obligaciones legales por parte de la asociaci\u00f3n Baile de Ping\u00fcinos por la EM<\/strong>, as\u00ed como para <strong>la prestaci\u00f3n de los servicios ofrecidos por la asociaci\u00f3n<\/strong> siempre contando con el <strong>consentimiento previo del usuario o usuaria<\/strong>, que habr\u00e1 de ser prestado mediante una clara acci\u00f3n afirmativa.<\/p>\n\n\n\n<p class=\"has-very-light-gray-background-color has-background\">CONSERVACI\u00d3N DE DATOS<\/p>\n\n\n\n<p>Los datos personales proporcionados se <strong>conservar\u00e1n durante el tiempo necesario para cumplir con la finalidad <\/strong>para la que se recaban y para determinar las posibles responsabilidades que se pudieran derivar de la finalidad.<\/p>\n\n\n\n<p class=\"has-very-light-gray-background-color has-background\">COMUNICACI\u00d3N A TERCEROS<\/p>\n\n\n\n<p><strong>Con car\u00e1cter general no se comunicar\u00e1n los datos personales a terceros<\/strong>, salvo obligaci\u00f3n legal, entre las que pueden estar las comunicaciones al Defensor del Pueblo, Jueces y Tribunales, interesados en los procedimientos relacionados con la reclamaciones presentadas.<\/p>\n\n\n\n<p class=\"has-very-light-gray-background-color has-background\">DERECHOS DE LOS INTERESADOS<\/p>\n\n\n\n<p><strong>Cualquier persona tiene derecho a obtener confirmaci\u00f3n sobre los tratamientos que de sus datos que se llevan a cabo por la asociaci\u00f3n Baile de Ping\u00fcinos por la EM<\/strong>.<\/p>\n\n\n\n<p>Puede ejercer sus derechos de <strong>acceso, rectificaci\u00f3n, supresi\u00f3n y portabilidad de sus datos, de limitaci\u00f3n y oposici\u00f3n a su tratamiento<\/strong>, as\u00ed como a no ser objeto de decisiones basadas \u00fanicamente en el tratamiento automatizado de sus datos, cuando procedan, a trav\u00e9s de la direcci\u00f3n de correo electr\u00f3nico <strong>info@bailedeping\u00fcinos.org<\/strong><\/p>\n\n\n\n<p><\/p>\n","protected":false},"excerpt":{"rendered":"<p>INTRODUCCI\u00d3N En cumplimiento de lo dispuesto en la Ley Org\u00e1nica 15\/1999, de 13 de Diciembre, de Protecci\u00f3n de Datos de Car\u00e1cter Personal (LOPD) se informa al usuario que todos los datos que nos proporcione ser\u00e1n incorporados a un fichero, creado y mantenido bajo la responsabilidad de Baile de Ping\u00fcinos por la Esclerosis M\u00faltiple. A trav\u00e9s [&hellip;]<\/p>\n","protected":false},"author":3,"featured_media":0,"parent":0,"menu_order":0,"comment_status":"closed","ping_status":"closed","template":"","meta":{"site-sidebar-layout":"no-sidebar","site-content-layout":"default","ast-site-content-layout":"default","site-content-style":"default","site-sidebar-style":"default","ast-global-header-display":"","ast-banner-title-visibility":"","ast-main-header-display":"","ast-hfb-above-header-display":"","ast-hfb-below-header-display":"","ast-hfb-mobile-header-display":"","site-post-title":"","ast-breadcrumbs-content":"","ast-featured-img":"","footer-sml-layout":"","ast-disable-related-posts":"","theme-transparent-header-meta":"default","adv-header-id-meta":"","stick-header-meta":"","header-above-stick-meta":"","header-main-stick-meta":"","header-below-stick-meta":"","astra-migrate-meta-layouts":"set","ast-page-background-enabled":"default","ast-page-background-meta":{"desktop":{"background-color":"","background-image":"","background-repeat":"repeat","background-position":"center center","background-size":"auto","background-attachment":"scroll","background-type":"","background-media":"","overlay-type":"","overlay-color":"","overlay-opacity":"","overlay-gradient":""},"tablet":{"background-color":"","background-image":"","background-repeat":"repeat","background-position":"center center","background-size":"auto","background-attachment":"scroll","background-type":"","background-media":"","overlay-type":"","overlay-color":"","overlay-opacity":"","overlay-gradient":""},"mobile":{"background-color":"","background-image":"","background-repeat":"repeat","background-position":"center center","background-size":"auto","background-attachment":"scroll","background-type":"","background-media":"","overlay-type":"","overlay-color":"","overlay-opacity":"","overlay-gradient":""}},"ast-content-background-meta":{"desktop":{"background-color":"var(--ast-global-color-5)","background-image":"","background-repeat":"repeat","background-position":"center center","background-size":"auto","background-attachment":"scroll","background-type":"","background-media":"","overlay-type":"","overlay-color":"","overlay-opacity":"","overlay-gradient":""},"tablet":{"background-color":"var(--ast-global-color-5)","background-image":"","background-repeat":"repeat","background-position":"center center","background-size":"auto","background-attachment":"scroll","background-type":"","background-media":"","overlay-type":"","overlay-color":"","overlay-opacity":"","overlay-gradient":""},"mobile":{"background-color":"var(--ast-global-color-5)","background-image":"","background-repeat":"repeat","background-position":"center center","background-size":"auto","background-attachment":"scroll","background-type":"","background-media":"","overlay-type":"","overlay-color":"","overlay-opacity":"","overlay-gradient":""}},"footnotes":""},"class_list":["post-25666","page","type-page","status-publish","hentry"],"yoast_head":"<!-- This site is optimized with the Yoast SEO plugin v27.5 - https:\/\/yoast.com\/product\/yoast-seo-wordpress\/ -->\n<title>Pol\u00edtica de privacidad - Asociaci\u00f3n Esclerosis M\u00faltiple<\/title>\n<meta name=\"robots\" content=\"noindex, nofollow\" \/>\n<meta property=\"og:locale\" content=\"es_ES\" \/>\n<meta property=\"og:type\" content=\"article\" \/>\n<meta property=\"og:title\" content=\"Pol\u00edtica de privacidad - Asociaci\u00f3n Esclerosis M\u00faltiple\" \/>\n<meta property=\"og:description\" content=\"INTRODUCCI\u00d3N En cumplimiento de lo dispuesto en la Ley Org\u00e1nica 15\/1999, de 13 de Diciembre, de Protecci\u00f3n de Datos de Car\u00e1cter Personal (LOPD) se informa al usuario que todos los datos que nos proporcione ser\u00e1n incorporados a un fichero, creado y mantenido bajo la responsabilidad de Baile de Ping\u00fcinos por la Esclerosis M\u00faltiple. A trav\u00e9s [&hellip;]\" \/>\n<meta property=\"og:url\" content=\"https:\/\/bailedepinguinos.org\/cms\/politica-de-privacidad\/\" \/>\n<meta property=\"og:site_name\" content=\"Asociaci\u00f3n Esclerosis M\u00faltiple\" \/>\n<meta property=\"article:publisher\" content=\"https:\/\/www.facebook.com\/BPinguinos\" \/>\n<meta property=\"article:modified_time\" content=\"2026-04-08T20:27:28+00:00\" \/>\n<meta name=\"twitter:card\" content=\"summary_large_image\" \/>\n<meta name=\"twitter:label1\" content=\"Tiempo de lectura\" \/>\n\t<meta name=\"twitter:data1\" content=\"3 minutos\" \/>\n<script type=\"application\/ld+json\" class=\"yoast-schema-graph\">{\"@context\":\"https:\\\/\\\/schema.org\",\"@graph\":[{\"@type\":\"WebPage\",\"@id\":\"https:\\\/\\\/bailedepinguinos.org\\\/cms\\\/politica-de-privacidad\\\/\",\"url\":\"https:\\\/\\\/bailedepinguinos.org\\\/cms\\\/politica-de-privacidad\\\/\",\"name\":\"Pol\u00edtica de privacidad - Asociaci\u00f3n Esclerosis M\u00faltiple\",\"isPartOf\":{\"@id\":\"https:\\\/\\\/bailedepinguinos.org\\\/cms\\\/#website\"},\"datePublished\":\"2019-10-09T12:13:05+00:00\",\"dateModified\":\"2026-04-08T20:27:28+00:00\",\"breadcrumb\":{\"@id\":\"https:\\\/\\\/bailedepinguinos.org\\\/cms\\\/politica-de-privacidad\\\/#breadcrumb\"},\"inLanguage\":\"es\",\"potentialAction\":[{\"@type\":\"ReadAction\",\"target\":[\"https:\\\/\\\/bailedepinguinos.org\\\/cms\\\/politica-de-privacidad\\\/\"]}]},{\"@type\":\"BreadcrumbList\",\"@id\":\"https:\\\/\\\/bailedepinguinos.org\\\/cms\\\/politica-de-privacidad\\\/#breadcrumb\",\"itemListElement\":[{\"@type\":\"ListItem\",\"position\":1,\"name\":\"Portada\",\"item\":\"https:\\\/\\\/bailedepinguinos.org\\\/cms\\\/\"},{\"@type\":\"ListItem\",\"position\":2,\"name\":\"Pol\u00edtica de privacidad\"}]},{\"@type\":\"WebSite\",\"@id\":\"https:\\\/\\\/bailedepinguinos.org\\\/cms\\\/#website\",\"url\":\"https:\\\/\\\/bailedepinguinos.org\\\/cms\\\/\",\"name\":\"Baile de Ping\u00fcinos por la Esclerosis M\u00faltiple\",\"description\":\"Por una vida m\u00e1s plena y feliz\",\"publisher\":{\"@id\":\"https:\\\/\\\/bailedepinguinos.org\\\/cms\\\/#organization\"},\"potentialAction\":[{\"@type\":\"SearchAction\",\"target\":{\"@type\":\"EntryPoint\",\"urlTemplate\":\"https:\\\/\\\/bailedepinguinos.org\\\/cms\\\/?s={search_term_string}\"},\"query-input\":{\"@type\":\"PropertyValueSpecification\",\"valueRequired\":true,\"valueName\":\"search_term_string\"}}],\"inLanguage\":\"es\"},{\"@type\":\"Organization\",\"@id\":\"https:\\\/\\\/bailedepinguinos.org\\\/cms\\\/#organization\",\"name\":\"Baile de Ping\u00fcinos por la Esclerosis M\u00faltiple\",\"url\":\"https:\\\/\\\/bailedepinguinos.org\\\/cms\\\/\",\"logo\":{\"@type\":\"ImageObject\",\"inLanguage\":\"es\",\"@id\":\"https:\\\/\\\/bailedepinguinos.org\\\/cms\\\/#\\\/schema\\\/logo\\\/image\\\/\",\"url\":\"https:\\\/\\\/bailedepinguinos.org\\\/cms\\\/wp-content\\\/uploads\\\/2019\\\/04\\\/logo.webp\",\"contentUrl\":\"https:\\\/\\\/bailedepinguinos.org\\\/cms\\\/wp-content\\\/uploads\\\/2019\\\/04\\\/logo.webp\",\"width\":400,\"height\":200,\"caption\":\"Baile de Ping\u00fcinos por la Esclerosis M\u00faltiple\"},\"image\":{\"@id\":\"https:\\\/\\\/bailedepinguinos.org\\\/cms\\\/#\\\/schema\\\/logo\\\/image\\\/\"},\"sameAs\":[\"https:\\\/\\\/www.facebook.com\\\/BPinguinos\",\"https:\\\/\\\/www.instagram.com\\\/bpinguinos\\\/\",\"https:\\\/\\\/www.linkedin.com\\\/company\\\/bailedepinguinos\\\/\",\"https:\\\/\\\/www.youtube.com\\\/channel\\\/UCK0Md362qt4P6op92BEkwXw\"]}]}<\/script>\n<!-- \/ Yoast SEO plugin. -->","yoast_head_json":{"title":"Pol\u00edtica de privacidad - Asociaci\u00f3n Esclerosis M\u00faltiple","robots":{"index":"noindex","follow":"nofollow"},"og_locale":"es_ES","og_type":"article","og_title":"Pol\u00edtica de privacidad - Asociaci\u00f3n Esclerosis M\u00faltiple","og_description":"INTRODUCCI\u00d3N En cumplimiento de lo dispuesto en la Ley Org\u00e1nica 15\/1999, de 13 de Diciembre, de Protecci\u00f3n de Datos de Car\u00e1cter Personal (LOPD) se informa al usuario que todos los datos que nos proporcione ser\u00e1n incorporados a un fichero, creado y mantenido bajo la responsabilidad de Baile de Ping\u00fcinos por la Esclerosis M\u00faltiple. A trav\u00e9s [&hellip;]","og_url":"https:\/\/bailedepinguinos.org\/cms\/politica-de-privacidad\/","og_site_name":"Asociaci\u00f3n Esclerosis M\u00faltiple","article_publisher":"https:\/\/www.facebook.com\/BPinguinos","article_modified_time":"2026-04-08T20:27:28+00:00","twitter_card":"summary_large_image","twitter_misc":{"Tiempo de lectura":"3 minutos"},"schema":{"@context":"https:\/\/schema.org","@graph":[{"@type":"WebPage","@id":"https:\/\/bailedepinguinos.org\/cms\/politica-de-privacidad\/","url":"https:\/\/bailedepinguinos.org\/cms\/politica-de-privacidad\/","name":"Pol\u00edtica de privacidad - Asociaci\u00f3n Esclerosis M\u00faltiple","isPartOf":{"@id":"https:\/\/bailedepinguinos.org\/cms\/#website"},"datePublished":"2019-10-09T12:13:05+00:00","dateModified":"2026-04-08T20:27:28+00:00","breadcrumb":{"@id":"https:\/\/bailedepinguinos.org\/cms\/politica-de-privacidad\/#breadcrumb"},"inLanguage":"es","potentialAction":[{"@type":"ReadAction","target":["https:\/\/bailedepinguinos.org\/cms\/politica-de-privacidad\/"]}]},{"@type":"BreadcrumbList","@id":"https:\/\/bailedepinguinos.org\/cms\/politica-de-privacidad\/#breadcrumb","itemListElement":[{"@type":"ListItem","position":1,"name":"Portada","item":"https:\/\/bailedepinguinos.org\/cms\/"},{"@type":"ListItem","position":2,"name":"Pol\u00edtica de privacidad"}]},{"@type":"WebSite","@id":"https:\/\/bailedepinguinos.org\/cms\/#website","url":"https:\/\/bailedepinguinos.org\/cms\/","name":"Baile de Ping\u00fcinos por la Esclerosis M\u00faltiple","description":"Por una vida m\u00e1s plena y feliz","publisher":{"@id":"https:\/\/bailedepinguinos.org\/cms\/#organization"},"potentialAction":[{"@type":"SearchAction","target":{"@type":"EntryPoint","urlTemplate":"https:\/\/bailedepinguinos.org\/cms\/?s={search_term_string}"},"query-input":{"@type":"PropertyValueSpecification","valueRequired":true,"valueName":"search_term_string"}}],"inLanguage":"es"},{"@type":"Organization","@id":"https:\/\/bailedepinguinos.org\/cms\/#organization","name":"Baile de Ping\u00fcinos por la Esclerosis M\u00faltiple","url":"https:\/\/bailedepinguinos.org\/cms\/","logo":{"@type":"ImageObject","inLanguage":"es","@id":"https:\/\/bailedepinguinos.org\/cms\/#\/schema\/logo\/image\/","url":"https:\/\/bailedepinguinos.org\/cms\/wp-content\/uploads\/2019\/04\/logo.webp","contentUrl":"https:\/\/bailedepinguinos.org\/cms\/wp-content\/uploads\/2019\/04\/logo.webp","width":400,"height":200,"caption":"Baile de Ping\u00fcinos por la Esclerosis M\u00faltiple"},"image":{"@id":"https:\/\/bailedepinguinos.org\/cms\/#\/schema\/logo\/image\/"},"sameAs":["https:\/\/www.facebook.com\/BPinguinos","https:\/\/www.instagram.com\/bpinguinos\/","https:\/\/www.linkedin.com\/company\/bailedepinguinos\/","https:\/\/www.youtube.com\/channel\/UCK0Md362qt4P6op92BEkwXw"]}]}},"_links":{"self":[{"href":"https:\/\/bailedepinguinos.org\/cms\/wp-json\/wp\/v2\/pages\/25666","targetHints":{"allow":["GET"]}}],"collection":[{"href":"https:\/\/bailedepinguinos.org\/cms\/wp-json\/wp\/v2\/pages"}],"about":[{"href":"https:\/\/bailedepinguinos.org\/cms\/wp-json\/wp\/v2\/types\/page"}],"author":[{"embeddable":true,"href":"https:\/\/bailedepinguinos.org\/cms\/wp-json\/wp\/v2\/users\/3"}],"replies":[{"embeddable":true,"href":"https:\/\/bailedepinguinos.org\/cms\/wp-json\/wp\/v2\/comments?post=25666"}],"version-history":[{"count":1,"href":"https:\/\/bailedepinguinos.org\/cms\/wp-json\/wp\/v2\/pages\/25666\/revisions"}],"predecessor-version":[{"id":53791,"href":"https:\/\/bailedepinguinos.org\/cms\/wp-json\/wp\/v2\/pages\/25666\/revisions\/53791"}],"wp:attachment":[{"href":"https:\/\/bailedepinguinos.org\/cms\/wp-json\/wp\/v2\/media?parent=25666"}],"curies":[{"name":"wp","href":"https:\/\/api.w.org\/{rel}","templated":true}]}}