{"id":25807,"date":"2019-10-15T12:02:56","date_gmt":"2019-10-15T10:02:56","guid":{"rendered":"https:\/\/bailedepinguinos.org\/cms\/?page_id=25807"},"modified":"2026-05-03T18:27:11","modified_gmt":"2026-05-03T16:27:11","slug":"aviso-legal-asociacion-esclerosis-multiple","status":"publish","type":"page","link":"https:\/\/bailedepinguinos.org\/cms\/aviso-legal-asociacion-esclerosis-multiple\/","title":{"rendered":"Aviso Legal"},"content":{"rendered":"\n<h1 class=\"wp-block-heading\">Asociaci\u00f3n para personas que conviven con la Esclerosis M\u00faltiple<\/h1>\n\n\n\n<p class=\"has-very-light-gray-background-color has-background\">DATOS GENERALES E IDENTIFICACI\u00d3N <\/p>\n\n\n\n<p><strong>De acuerdo con el art\u00edculo 10 de la Ley 34\/2002, de 11 de julio, de Servicios de la Sociedad de la Informaci\u00f3n y de Comercio Electr\u00f3nico ponemos a su disposici\u00f3n los siguientes datos<\/strong>:<\/p>\n\n\n\n<p>La asociaci\u00f3n Baile de Ping\u00fcinos por la Esclerosis M\u00faltiple est\u00e1 domiciliada en la calle Javier de Miguel, 21, 8\u00baA, 28016 Madrid (Espa\u00f1a) con CIF G88559869. Inscrita en el Registro nacional de de asociaciones el <strong>3 de diciembre de 2019 con n\u00famero 618999  <\/strong>para la prestaci\u00f3n de <strong>actividades asistenciales a personas con discapacidad y\/p en situaci\u00f3n de dependencia.<\/strong> <\/p>\n\n\n\n<p><strong>Nuestro principal objetivo<\/strong> es ayudar a tener una vida m\u00e1s plena y a mejorar la calidad de vida de las personas que conviven con Esclerosis M\u00faltiple. Para m\u00e1s detalles sobre nuestros fines puedes consultar los estatutos de la asociaci\u00f3n pulsando <a href=\"https:\/\/bailedepinguinos.org\/cms\/wp-content\/uploads\/2020\/01\/Acta-fundacional-y-Estatutos-LOPD.pdf\" target=\"_blank\" rel=\"noreferrer noopener\">aqu\u00ed<\/a>. <\/p>\n\n\n\n<p class=\"has-very-light-gray-background-color has-background\">COMUNICACI\u00d3N <\/p>\n\n\n\n<p>Para comunicarse con nosotros, puedes hacerlo a trav\u00e9s de la <strong>direcci\u00f3n de email info@bailedepinguinos.org<\/strong>. Te responderemos en menos de 24 horas, en horario de lunes a viernes seg\u00fan uso horario de Espa\u00f1a.  <\/p>\n\n\n\n<p class=\"has-very-light-gray-background-color has-background\">CONDICIONES DE USO<\/p>\n\n\n\n<p><strong>Las condiciones de acceso y uso del presente sitio web se rigen por la legalidad vigente y por el principio de buena fe<\/strong> comprometi\u00e9ndose el usuario a realizar un buen uso de la web. No se permiten conductas que vayan contra la ley, los derechos o intereses de terceros.<\/p>\n\n\n\n<p>Ser usuario de la web de\nwww.bailedepinguinos.org implica que reconoce haber le\u00eddo y aceptado las\npresentes condiciones y lo que las extienda la normativa legal aplicable en\nesta materia. Si por el motivo que fuere no est\u00e1 de acuerdo con estas\ncondiciones no contin\u00fae usando esta web.<\/p>\n\n\n\n<p><strong>Cualquier tipo de notificaci\u00f3n y\/o reclamaci\u00f3n solamente ser\u00e1 v\u00e1lida por notificaci\u00f3n mediante correo electr\u00f3nico. <\/strong><\/p>\n\n\n\n<p class=\"has-very-light-gray-background-color has-background\">RESPONSABILIDADES<\/p>\n\n\n\n<p>Baile de Ping\u00fcinos por la Esclerosis M\u00faltiple <strong>no se hace responsable de la informaci\u00f3n y contenidos almacenados en foros, redes sociales o cualesquier otro medio<\/strong> que permita a terceros publicar contenidos de forma independiente en la p\u00e1gina web del prestador.<\/p>\n\n\n\n<p>Sin embargo, teniendo en cuenta los art. 11 y 16 de la LSSI-CE, Baile de Ping\u00fcinos por la Esclerosis M\u00faltiple <strong>se compromete a la retirada o en su caso bloqueo de aquellos contenidos que pudieran afectar o contravenir la legislaci\u00f3n nacional o internacional<\/strong>, derechos de terceros o la moral y el orden p\u00fablico.<\/p>\n\n\n\n<p><strong>Tampoco la empresa se responsabilizar\u00e1 de los da\u00f1os y perjuicios que se produzcan por fallos o malas configuraciones del software instalado en el ordenador del internauta<\/strong>. Se excluye toda responsabilidad por alguna incidencia t\u00e9cnica o fallo que se produzca cuando el usuario se conecte a internet. Igualmente, no se garantiza la inexistencia de interrupciones o errores en el acceso al sitio web.<\/p>\n\n\n\n<p>As\u00ed mismo, Baile de Ping\u00fcinos por la Esclerosis M\u00faltiple <strong>se reserva el derecho a actualizar, modificar o eliminar la informaci\u00f3n contenida en su p\u00e1gina web,<\/strong> as\u00ed como la configuraci\u00f3n o presentaci\u00f3n del mismo, en cualquier momento sin asumir alguna responsabilidad por ello.<\/p>\n\n\n\n<p class=\"has-very-light-gray-background-color has-background\">POL\u00cdTICA DE COOKIES<\/p>\n\n\n\n<p>www.bailedepinguinos.org por su propia cuenta o la de un tercero contratado para prestaci\u00f3n de servicios de medici\u00f3n, <strong>pueden utilizar cookies cuando el usuario navega por el sitio web<\/strong>. Las cookies son ficheros enviados al navegador por medio de un servicio web con la finalidad de registrar las actividades del usuario durante su tiempo de navegaci\u00f3n.<\/p>\n\n\n\n<p><strong>Puedes ver la pol\u00edtica de cookies completa<\/strong> <a href=\"https:\/\/bailedepinguinos.org\/cms\/politica-de-cookies\/\">pulsando aqu\u00ed<\/a> <\/p>\n\n\n\n<p><\/p>\n","protected":false},"excerpt":{"rendered":"<p>Asociaci\u00f3n para personas que conviven con la Esclerosis M\u00faltiple DATOS GENERALES E IDENTIFICACI\u00d3N De acuerdo con el art\u00edculo 10 de la Ley 34\/2002, de 11 de julio, de Servicios de la Sociedad de la Informaci\u00f3n y de Comercio Electr\u00f3nico ponemos a su disposici\u00f3n los siguientes datos: La asociaci\u00f3n Baile de Ping\u00fcinos por la Esclerosis M\u00faltiple [&hellip;]<\/p>\n","protected":false},"author":3,"featured_media":0,"parent":0,"menu_order":0,"comment_status":"closed","ping_status":"closed","template":"","meta":{"site-sidebar-layout":"no-sidebar","site-content-layout":"default","ast-site-content-layout":"default","site-content-style":"default","site-sidebar-style":"default","ast-global-header-display":"","ast-banner-title-visibility":"","ast-main-header-display":"","ast-hfb-above-header-display":"","ast-hfb-below-header-display":"","ast-hfb-mobile-header-display":"","site-post-title":"","ast-breadcrumbs-content":"","ast-featured-img":"","footer-sml-layout":"","ast-disable-related-posts":"","theme-transparent-header-meta":"default","adv-header-id-meta":"","stick-header-meta":"","header-above-stick-meta":"","header-main-stick-meta":"","header-below-stick-meta":"","astra-migrate-meta-layouts":"set","ast-page-background-enabled":"default","ast-page-background-meta":{"desktop":{"background-color":"","background-image":"","background-repeat":"repeat","background-position":"center center","background-size":"auto","background-attachment":"scroll","background-type":"","background-media":"","overlay-type":"","overlay-color":"","overlay-opacity":"","overlay-gradient":""},"tablet":{"background-color":"","background-image":"","background-repeat":"repeat","background-position":"center center","background-size":"auto","background-attachment":"scroll","background-type":"","background-media":"","overlay-type":"","overlay-color":"","overlay-opacity":"","overlay-gradient":""},"mobile":{"background-color":"","background-image":"","background-repeat":"repeat","background-position":"center center","background-size":"auto","background-attachment":"scroll","background-type":"","background-media":"","overlay-type":"","overlay-color":"","overlay-opacity":"","overlay-gradient":""}},"ast-content-background-meta":{"desktop":{"background-color":"var(--ast-global-color-5)","background-image":"","background-repeat":"repeat","background-position":"center center","background-size":"auto","background-attachment":"scroll","background-type":"","background-media":"","overlay-type":"","overlay-color":"","overlay-opacity":"","overlay-gradient":""},"tablet":{"background-color":"var(--ast-global-color-5)","background-image":"","background-repeat":"repeat","background-position":"center center","background-size":"auto","background-attachment":"scroll","background-type":"","background-media":"","overlay-type":"","overlay-color":"","overlay-opacity":"","overlay-gradient":""},"mobile":{"background-color":"var(--ast-global-color-5)","background-image":"","background-repeat":"repeat","background-position":"center center","background-size":"auto","background-attachment":"scroll","background-type":"","background-media":"","overlay-type":"","overlay-color":"","overlay-opacity":"","overlay-gradient":""}},"footnotes":""},"class_list":["post-25807","page","type-page","status-publish","hentry"],"yoast_head":"<!-- This site is optimized with the Yoast SEO plugin v27.5 - https:\/\/yoast.com\/product\/yoast-seo-wordpress\/ -->\n<title>Aviso Legal - Asociaci\u00f3n Esclerosis M\u00faltiple<\/title>\n<meta name=\"description\" content=\"Consulta el aviso legal de Baile de Ping\u00fcinos: datos del titular, condiciones de uso, protecci\u00f3n de contenidos y cumplimiento de la normativa\" \/>\n<meta name=\"robots\" content=\"index, follow, max-snippet:-1, max-image-preview:large, max-video-preview:-1\" \/>\n<link rel=\"canonical\" href=\"https:\/\/bailedepinguinos.org\/cms\/aviso-legal-asociacion-esclerosis-multiple\/\" \/>\n<meta property=\"og:locale\" content=\"es_ES\" \/>\n<meta property=\"og:type\" content=\"article\" \/>\n<meta property=\"og:title\" content=\"Aviso Legal - Asociaci\u00f3n Esclerosis M\u00faltiple\" \/>\n<meta property=\"og:description\" content=\"Consulta el aviso legal de Baile de Ping\u00fcinos: datos del titular, condiciones de uso, protecci\u00f3n de contenidos y cumplimiento de la normativa\" \/>\n<meta property=\"og:url\" content=\"https:\/\/bailedepinguinos.org\/cms\/aviso-legal-asociacion-esclerosis-multiple\/\" \/>\n<meta property=\"og:site_name\" content=\"Asociaci\u00f3n Esclerosis M\u00faltiple\" \/>\n<meta property=\"article:publisher\" content=\"https:\/\/www.facebook.com\/BPinguinos\" \/>\n<meta property=\"article:modified_time\" content=\"2026-05-03T16:27:11+00:00\" \/>\n<meta name=\"twitter:card\" content=\"summary_large_image\" \/>\n<meta name=\"twitter:label1\" content=\"Tiempo de lectura\" \/>\n\t<meta name=\"twitter:data1\" content=\"3 minutos\" \/>\n<script type=\"application\/ld+json\" class=\"yoast-schema-graph\">{\"@context\":\"https:\\\/\\\/schema.org\",\"@graph\":[{\"@type\":\"WebPage\",\"@id\":\"https:\\\/\\\/bailedepinguinos.org\\\/cms\\\/aviso-legal-asociacion-esclerosis-multiple\\\/\",\"url\":\"https:\\\/\\\/bailedepinguinos.org\\\/cms\\\/aviso-legal-asociacion-esclerosis-multiple\\\/\",\"name\":\"Aviso Legal - Asociaci\u00f3n Esclerosis M\u00faltiple\",\"isPartOf\":{\"@id\":\"https:\\\/\\\/bailedepinguinos.org\\\/cms\\\/#website\"},\"datePublished\":\"2019-10-15T10:02:56+00:00\",\"dateModified\":\"2026-05-03T16:27:11+00:00\",\"description\":\"Consulta el aviso legal de Baile de Ping\u00fcinos: datos del titular, condiciones de uso, protecci\u00f3n de contenidos y cumplimiento de la normativa\",\"breadcrumb\":{\"@id\":\"https:\\\/\\\/bailedepinguinos.org\\\/cms\\\/aviso-legal-asociacion-esclerosis-multiple\\\/#breadcrumb\"},\"inLanguage\":\"es\",\"potentialAction\":[{\"@type\":\"ReadAction\",\"target\":[\"https:\\\/\\\/bailedepinguinos.org\\\/cms\\\/aviso-legal-asociacion-esclerosis-multiple\\\/\"]}]},{\"@type\":\"BreadcrumbList\",\"@id\":\"https:\\\/\\\/bailedepinguinos.org\\\/cms\\\/aviso-legal-asociacion-esclerosis-multiple\\\/#breadcrumb\",\"itemListElement\":[{\"@type\":\"ListItem\",\"position\":1,\"name\":\"Portada\",\"item\":\"https:\\\/\\\/bailedepinguinos.org\\\/cms\\\/\"},{\"@type\":\"ListItem\",\"position\":2,\"name\":\"Aviso Legal\"}]},{\"@type\":\"WebSite\",\"@id\":\"https:\\\/\\\/bailedepinguinos.org\\\/cms\\\/#website\",\"url\":\"https:\\\/\\\/bailedepinguinos.org\\\/cms\\\/\",\"name\":\"Baile de Ping\u00fcinos por la Esclerosis M\u00faltiple\",\"description\":\"Por una vida m\u00e1s plena y feliz\",\"publisher\":{\"@id\":\"https:\\\/\\\/bailedepinguinos.org\\\/cms\\\/#organization\"},\"potentialAction\":[{\"@type\":\"SearchAction\",\"target\":{\"@type\":\"EntryPoint\",\"urlTemplate\":\"https:\\\/\\\/bailedepinguinos.org\\\/cms\\\/?s={search_term_string}\"},\"query-input\":{\"@type\":\"PropertyValueSpecification\",\"valueRequired\":true,\"valueName\":\"search_term_string\"}}],\"inLanguage\":\"es\"},{\"@type\":\"Organization\",\"@id\":\"https:\\\/\\\/bailedepinguinos.org\\\/cms\\\/#organization\",\"name\":\"Baile de Ping\u00fcinos por la Esclerosis M\u00faltiple\",\"url\":\"https:\\\/\\\/bailedepinguinos.org\\\/cms\\\/\",\"logo\":{\"@type\":\"ImageObject\",\"inLanguage\":\"es\",\"@id\":\"https:\\\/\\\/bailedepinguinos.org\\\/cms\\\/#\\\/schema\\\/logo\\\/image\\\/\",\"url\":\"https:\\\/\\\/bailedepinguinos.org\\\/cms\\\/wp-content\\\/uploads\\\/2019\\\/04\\\/logo.webp\",\"contentUrl\":\"https:\\\/\\\/bailedepinguinos.org\\\/cms\\\/wp-content\\\/uploads\\\/2019\\\/04\\\/logo.webp\",\"width\":400,\"height\":200,\"caption\":\"Baile de Ping\u00fcinos por la Esclerosis M\u00faltiple\"},\"image\":{\"@id\":\"https:\\\/\\\/bailedepinguinos.org\\\/cms\\\/#\\\/schema\\\/logo\\\/image\\\/\"},\"sameAs\":[\"https:\\\/\\\/www.facebook.com\\\/BPinguinos\",\"https:\\\/\\\/www.instagram.com\\\/bpinguinos\\\/\",\"https:\\\/\\\/www.linkedin.com\\\/company\\\/bailedepinguinos\\\/\",\"https:\\\/\\\/www.youtube.com\\\/channel\\\/UCK0Md362qt4P6op92BEkwXw\"]}]}<\/script>\n<!-- \/ Yoast SEO plugin. -->","yoast_head_json":{"title":"Aviso Legal - Asociaci\u00f3n Esclerosis M\u00faltiple","description":"Consulta el aviso legal de Baile de Ping\u00fcinos: datos del titular, condiciones de uso, protecci\u00f3n de contenidos y cumplimiento de la normativa","robots":{"index":"index","follow":"follow","max-snippet":"max-snippet:-1","max-image-preview":"max-image-preview:large","max-video-preview":"max-video-preview:-1"},"canonical":"https:\/\/bailedepinguinos.org\/cms\/aviso-legal-asociacion-esclerosis-multiple\/","og_locale":"es_ES","og_type":"article","og_title":"Aviso Legal - Asociaci\u00f3n Esclerosis M\u00faltiple","og_description":"Consulta el aviso legal de Baile de Ping\u00fcinos: datos del titular, condiciones de uso, protecci\u00f3n de contenidos y cumplimiento de la normativa","og_url":"https:\/\/bailedepinguinos.org\/cms\/aviso-legal-asociacion-esclerosis-multiple\/","og_site_name":"Asociaci\u00f3n Esclerosis M\u00faltiple","article_publisher":"https:\/\/www.facebook.com\/BPinguinos","article_modified_time":"2026-05-03T16:27:11+00:00","twitter_card":"summary_large_image","twitter_misc":{"Tiempo de lectura":"3 minutos"},"schema":{"@context":"https:\/\/schema.org","@graph":[{"@type":"WebPage","@id":"https:\/\/bailedepinguinos.org\/cms\/aviso-legal-asociacion-esclerosis-multiple\/","url":"https:\/\/bailedepinguinos.org\/cms\/aviso-legal-asociacion-esclerosis-multiple\/","name":"Aviso Legal - Asociaci\u00f3n Esclerosis M\u00faltiple","isPartOf":{"@id":"https:\/\/bailedepinguinos.org\/cms\/#website"},"datePublished":"2019-10-15T10:02:56+00:00","dateModified":"2026-05-03T16:27:11+00:00","description":"Consulta el aviso legal de Baile de Ping\u00fcinos: datos del titular, condiciones de uso, protecci\u00f3n de contenidos y cumplimiento de la normativa","breadcrumb":{"@id":"https:\/\/bailedepinguinos.org\/cms\/aviso-legal-asociacion-esclerosis-multiple\/#breadcrumb"},"inLanguage":"es","potentialAction":[{"@type":"ReadAction","target":["https:\/\/bailedepinguinos.org\/cms\/aviso-legal-asociacion-esclerosis-multiple\/"]}]},{"@type":"BreadcrumbList","@id":"https:\/\/bailedepinguinos.org\/cms\/aviso-legal-asociacion-esclerosis-multiple\/#breadcrumb","itemListElement":[{"@type":"ListItem","position":1,"name":"Portada","item":"https:\/\/bailedepinguinos.org\/cms\/"},{"@type":"ListItem","position":2,"name":"Aviso Legal"}]},{"@type":"WebSite","@id":"https:\/\/bailedepinguinos.org\/cms\/#website","url":"https:\/\/bailedepinguinos.org\/cms\/","name":"Baile de Ping\u00fcinos por la Esclerosis M\u00faltiple","description":"Por una vida m\u00e1s plena y feliz","publisher":{"@id":"https:\/\/bailedepinguinos.org\/cms\/#organization"},"potentialAction":[{"@type":"SearchAction","target":{"@type":"EntryPoint","urlTemplate":"https:\/\/bailedepinguinos.org\/cms\/?s={search_term_string}"},"query-input":{"@type":"PropertyValueSpecification","valueRequired":true,"valueName":"search_term_string"}}],"inLanguage":"es"},{"@type":"Organization","@id":"https:\/\/bailedepinguinos.org\/cms\/#organization","name":"Baile de Ping\u00fcinos por la Esclerosis M\u00faltiple","url":"https:\/\/bailedepinguinos.org\/cms\/","logo":{"@type":"ImageObject","inLanguage":"es","@id":"https:\/\/bailedepinguinos.org\/cms\/#\/schema\/logo\/image\/","url":"https:\/\/bailedepinguinos.org\/cms\/wp-content\/uploads\/2019\/04\/logo.webp","contentUrl":"https:\/\/bailedepinguinos.org\/cms\/wp-content\/uploads\/2019\/04\/logo.webp","width":400,"height":200,"caption":"Baile de Ping\u00fcinos por la Esclerosis M\u00faltiple"},"image":{"@id":"https:\/\/bailedepinguinos.org\/cms\/#\/schema\/logo\/image\/"},"sameAs":["https:\/\/www.facebook.com\/BPinguinos","https:\/\/www.instagram.com\/bpinguinos\/","https:\/\/www.linkedin.com\/company\/bailedepinguinos\/","https:\/\/www.youtube.com\/channel\/UCK0Md362qt4P6op92BEkwXw"]}]}},"_links":{"self":[{"href":"https:\/\/bailedepinguinos.org\/cms\/wp-json\/wp\/v2\/pages\/25807","targetHints":{"allow":["GET"]}}],"collection":[{"href":"https:\/\/bailedepinguinos.org\/cms\/wp-json\/wp\/v2\/pages"}],"about":[{"href":"https:\/\/bailedepinguinos.org\/cms\/wp-json\/wp\/v2\/types\/page"}],"author":[{"embeddable":true,"href":"https:\/\/bailedepinguinos.org\/cms\/wp-json\/wp\/v2\/users\/3"}],"replies":[{"embeddable":true,"href":"https:\/\/bailedepinguinos.org\/cms\/wp-json\/wp\/v2\/comments?post=25807"}],"version-history":[{"count":1,"href":"https:\/\/bailedepinguinos.org\/cms\/wp-json\/wp\/v2\/pages\/25807\/revisions"}],"predecessor-version":[{"id":54729,"href":"https:\/\/bailedepinguinos.org\/cms\/wp-json\/wp\/v2\/pages\/25807\/revisions\/54729"}],"wp:attachment":[{"href":"https:\/\/bailedepinguinos.org\/cms\/wp-json\/wp\/v2\/media?parent=25807"}],"curies":[{"name":"wp","href":"https:\/\/api.w.org\/{rel}","templated":true}]}}