{"id":42258,"date":"2022-04-21T12:34:53","date_gmt":"2022-04-21T10:34:53","guid":{"rendered":"https:\/\/bailedepinguinos.org\/cms\/?post_type=product&#038;p=42258"},"modified":"2026-03-03T12:49:36","modified_gmt":"2026-03-03T11:49:36","slug":"donativo-tipo-1-cadena-de-favores-por-la-esclerosis-multiple-de-baile-de-pinguinos","status":"publish","type":"product","link":"https:\/\/bailedepinguinos.org\/cms\/producto\/donativo-tipo-1-cadena-de-favores-por-la-esclerosis-multiple-de-baile-de-pinguinos\/","title":{"rendered":"Abrazo Pinguino | Donativo Tipo 1 Cadena de Favores por la Esclerosis M\u00faltiple de Baile de Ping\u00fcinos"},"content":{"rendered":"<p>Muchas gracias por tu inter\u00e9s en participar en la cadena de favores por la Esclerosis M\u00faltiple de Baile de Ping\u00fcinos.<\/p>\n<p>Esta aportaci\u00f3n ser\u00e1 donada \u00edntegramente a proyectos de mejora e investigaci\u00f3n de la Esclerosis M\u00faltiple.<\/p>\n","protected":false},"excerpt":{"rendered":"<p>En Baile de Ping\u00fcinos aprendemos y compartimos experiencias y herramientas para vivir de una forma m\u00e1s plena y feliz junto a la Esclerosis M\u00faltiple.<\/p>\n<p>&nbsp;<\/p>\n","protected":false},"featured_media":31587,"template":"","meta":{"site-sidebar-layout":"default","site-content-layout":"default","ast-site-content-layout":"default","site-content-style":"default","site-sidebar-style":"default","ast-global-header-display":"","ast-banner-title-visibility":"","ast-main-header-display":"","ast-hfb-above-header-display":"","ast-hfb-below-header-display":"","ast-hfb-mobile-header-display":"","site-post-title":"","ast-breadcrumbs-content":"","ast-featured-img":"","footer-sml-layout":"","ast-disable-related-posts":"","theme-transparent-header-meta":"default","adv-header-id-meta":"","stick-header-meta":"","header-above-stick-meta":"","header-main-stick-meta":"","header-below-stick-meta":"","astra-migrate-meta-layouts":"default","ast-page-background-enabled":"default","ast-page-background-meta":{"desktop":{"background-color":"","background-image":"","background-repeat":"repeat","background-position":"center center","background-size":"auto","background-attachment":"scroll","background-type":"","background-media":"","overlay-type":"","overlay-color":"","overlay-opacity":"","overlay-gradient":""},"tablet":{"background-color":"","background-image":"","background-repeat":"repeat","background-position":"center center","background-size":"auto","background-attachment":"scroll","background-type":"","background-media":"","overlay-type":"","overlay-color":"","overlay-opacity":"","overlay-gradient":""},"mobile":{"background-color":"","background-image":"","background-repeat":"repeat","background-position":"center center","background-size":"auto","background-attachment":"scroll","background-type":"","background-media":"","overlay-type":"","overlay-color":"","overlay-opacity":"","overlay-gradient":""}},"ast-content-background-meta":{"desktop":{"background-color":"var(--ast-global-color-5)","background-image":"","background-repeat":"repeat","background-position":"center center","background-size":"auto","background-attachment":"scroll","background-type":"","background-media":"","overlay-type":"","overlay-color":"","overlay-opacity":"","overlay-gradient":""},"tablet":{"background-color":"var(--ast-global-color-5)","background-image":"","background-repeat":"repeat","background-position":"center center","background-size":"auto","background-attachment":"scroll","background-type":"","background-media":"","overlay-type":"","overlay-color":"","overlay-opacity":"","overlay-gradient":""},"mobile":{"background-color":"var(--ast-global-color-5)","background-image":"","background-repeat":"repeat","background-position":"center center","background-size":"auto","background-attachment":"scroll","background-type":"","background-media":"","overlay-type":"","overlay-color":"","overlay-opacity":"","overlay-gradient":""}}},"product_brand":[],"product_cat":[127],"product_tag":[],"class_list":{"0":"post-42258","1":"product","2":"type-product","3":"status-publish","4":"has-post-thumbnail","6":"product_cat-taller-abrazo","7":"desktop-align-left","8":"tablet-align-left","9":"mobile-align-left","11":"first","12":"instock","13":"sold-individually","14":"shipping-taxable","15":"purchasable","16":"product-type-simple"},"yoast_head":"<!-- This site is optimized with the Yoast SEO plugin v27.3 - https:\/\/yoast.com\/product\/yoast-seo-wordpress\/ -->\n<title>Abrazo Pinguino | Donativo Tipo 1 Cadena de Favores por la Esclerosis M\u00faltiple de Baile de Ping\u00fcinos - Asociaci\u00f3n Esclerosis M\u00faltiple<\/title>\n<meta name=\"robots\" content=\"index, follow, max-snippet:-1, max-image-preview:large, max-video-preview:-1\" \/>\n<link rel=\"canonical\" href=\"https:\/\/bailedepinguinos.org\/cms\/producto\/donativo-tipo-1-cadena-de-favores-por-la-esclerosis-multiple-de-baile-de-pinguinos\/\" \/>\n<meta property=\"og:locale\" content=\"es_ES\" \/>\n<meta property=\"og:type\" content=\"article\" \/>\n<meta property=\"og:title\" content=\"Abrazo Pinguino | Donativo Tipo 1 Cadena de Favores por la Esclerosis M\u00faltiple de Baile de Ping\u00fcinos - Asociaci\u00f3n Esclerosis M\u00faltiple\" \/>\n<meta property=\"og:description\" content=\"En Baile de Ping\u00fcinos aprendemos y compartimos experiencias y herramientas para vivir de una forma m\u00e1s plena y feliz junto a la Esclerosis M\u00faltiple.  &nbsp;\" \/>\n<meta property=\"og:url\" content=\"https:\/\/bailedepinguinos.org\/cms\/producto\/donativo-tipo-1-cadena-de-favores-por-la-esclerosis-multiple-de-baile-de-pinguinos\/\" \/>\n<meta property=\"og:site_name\" content=\"Asociaci\u00f3n Esclerosis M\u00faltiple\" \/>\n<meta property=\"article:publisher\" content=\"https:\/\/www.facebook.com\/BPinguinos\" \/>\n<meta property=\"article:modified_time\" content=\"2026-03-03T11:49:36+00:00\" \/>\n<meta property=\"og:image\" content=\"https:\/\/bailedepinguinos.org\/cms\/wp-content\/uploads\/2020\/09\/big2.jpg\" \/>\n\t<meta property=\"og:image:width\" content=\"1160\" \/>\n\t<meta property=\"og:image:height\" content=\"520\" \/>\n\t<meta property=\"og:image:type\" content=\"image\/jpeg\" \/>\n<meta name=\"twitter:card\" content=\"summary_large_image\" \/>\n<script type=\"application\/ld+json\" class=\"yoast-schema-graph\">{\"@context\":\"https:\\\/\\\/schema.org\",\"@graph\":[{\"@type\":\"WebPage\",\"@id\":\"https:\\\/\\\/bailedepinguinos.org\\\/cms\\\/producto\\\/donativo-tipo-1-cadena-de-favores-por-la-esclerosis-multiple-de-baile-de-pinguinos\\\/\",\"url\":\"https:\\\/\\\/bailedepinguinos.org\\\/cms\\\/producto\\\/donativo-tipo-1-cadena-de-favores-por-la-esclerosis-multiple-de-baile-de-pinguinos\\\/\",\"name\":\"Abrazo Pinguino | Donativo Tipo 1 Cadena de Favores por la Esclerosis M\u00faltiple de Baile de Ping\u00fcinos - Asociaci\u00f3n Esclerosis M\u00faltiple\",\"isPartOf\":{\"@id\":\"https:\\\/\\\/bailedepinguinos.org\\\/cms\\\/#website\"},\"primaryImageOfPage\":{\"@id\":\"https:\\\/\\\/bailedepinguinos.org\\\/cms\\\/producto\\\/donativo-tipo-1-cadena-de-favores-por-la-esclerosis-multiple-de-baile-de-pinguinos\\\/#primaryimage\"},\"image\":{\"@id\":\"https:\\\/\\\/bailedepinguinos.org\\\/cms\\\/producto\\\/donativo-tipo-1-cadena-de-favores-por-la-esclerosis-multiple-de-baile-de-pinguinos\\\/#primaryimage\"},\"thumbnailUrl\":\"https:\\\/\\\/bailedepinguinos.org\\\/cms\\\/wp-content\\\/uploads\\\/2020\\\/09\\\/big2.jpg\",\"datePublished\":\"2022-04-21T10:34:53+00:00\",\"dateModified\":\"2026-03-03T11:49:36+00:00\",\"breadcrumb\":{\"@id\":\"https:\\\/\\\/bailedepinguinos.org\\\/cms\\\/producto\\\/donativo-tipo-1-cadena-de-favores-por-la-esclerosis-multiple-de-baile-de-pinguinos\\\/#breadcrumb\"},\"inLanguage\":\"es\",\"potentialAction\":[{\"@type\":\"ReadAction\",\"target\":[\"https:\\\/\\\/bailedepinguinos.org\\\/cms\\\/producto\\\/donativo-tipo-1-cadena-de-favores-por-la-esclerosis-multiple-de-baile-de-pinguinos\\\/\"]}]},{\"@type\":\"ImageObject\",\"inLanguage\":\"es\",\"@id\":\"https:\\\/\\\/bailedepinguinos.org\\\/cms\\\/producto\\\/donativo-tipo-1-cadena-de-favores-por-la-esclerosis-multiple-de-baile-de-pinguinos\\\/#primaryimage\",\"url\":\"https:\\\/\\\/bailedepinguinos.org\\\/cms\\\/wp-content\\\/uploads\\\/2020\\\/09\\\/big2.jpg\",\"contentUrl\":\"https:\\\/\\\/bailedepinguinos.org\\\/cms\\\/wp-content\\\/uploads\\\/2020\\\/09\\\/big2.jpg\",\"width\":1160,\"height\":520},{\"@type\":\"BreadcrumbList\",\"@id\":\"https:\\\/\\\/bailedepinguinos.org\\\/cms\\\/producto\\\/donativo-tipo-1-cadena-de-favores-por-la-esclerosis-multiple-de-baile-de-pinguinos\\\/#breadcrumb\",\"itemListElement\":[{\"@type\":\"ListItem\",\"position\":1,\"name\":\"Portada\",\"item\":\"https:\\\/\\\/bailedepinguinos.org\\\/cms\\\/\"},{\"@type\":\"ListItem\",\"position\":2,\"name\":\"Cursos\",\"item\":\"https:\\\/\\\/bailedepinguinos.org\\\/cms\\\/cursos\\\/\"},{\"@type\":\"ListItem\",\"position\":3,\"name\":\"Abrazo Pinguino | Donativo Tipo 1 Cadena de Favores por la Esclerosis M\u00faltiple de Baile de Ping\u00fcinos\"}]},{\"@type\":\"WebSite\",\"@id\":\"https:\\\/\\\/bailedepinguinos.org\\\/cms\\\/#website\",\"url\":\"https:\\\/\\\/bailedepinguinos.org\\\/cms\\\/\",\"name\":\"Baile de Ping\u00fcinos por la Esclerosis M\u00faltiple\",\"description\":\"Por una vida m\u00e1s plena y feliz\",\"publisher\":{\"@id\":\"https:\\\/\\\/bailedepinguinos.org\\\/cms\\\/#organization\"},\"potentialAction\":[{\"@type\":\"SearchAction\",\"target\":{\"@type\":\"EntryPoint\",\"urlTemplate\":\"https:\\\/\\\/bailedepinguinos.org\\\/cms\\\/?s={search_term_string}\"},\"query-input\":{\"@type\":\"PropertyValueSpecification\",\"valueRequired\":true,\"valueName\":\"search_term_string\"}}],\"inLanguage\":\"es\"},{\"@type\":\"Organization\",\"@id\":\"https:\\\/\\\/bailedepinguinos.org\\\/cms\\\/#organization\",\"name\":\"Baile de Ping\u00fcinos por la Esclerosis M\u00faltiple\",\"url\":\"https:\\\/\\\/bailedepinguinos.org\\\/cms\\\/\",\"logo\":{\"@type\":\"ImageObject\",\"inLanguage\":\"es\",\"@id\":\"https:\\\/\\\/bailedepinguinos.org\\\/cms\\\/#\\\/schema\\\/logo\\\/image\\\/\",\"url\":\"https:\\\/\\\/bailedepinguinos.org\\\/cms\\\/wp-content\\\/uploads\\\/2019\\\/04\\\/logo.webp\",\"contentUrl\":\"https:\\\/\\\/bailedepinguinos.org\\\/cms\\\/wp-content\\\/uploads\\\/2019\\\/04\\\/logo.webp\",\"width\":400,\"height\":200,\"caption\":\"Baile de Ping\u00fcinos por la Esclerosis M\u00faltiple\"},\"image\":{\"@id\":\"https:\\\/\\\/bailedepinguinos.org\\\/cms\\\/#\\\/schema\\\/logo\\\/image\\\/\"},\"sameAs\":[\"https:\\\/\\\/www.facebook.com\\\/BPinguinos\",\"https:\\\/\\\/www.instagram.com\\\/bpinguinos\\\/\",\"https:\\\/\\\/www.linkedin.com\\\/company\\\/bailedepinguinos\\\/\",\"https:\\\/\\\/www.youtube.com\\\/channel\\\/UCK0Md362qt4P6op92BEkwXw\"]}]}<\/script>\n<!-- \/ Yoast SEO plugin. -->","yoast_head_json":{"title":"Abrazo Pinguino | Donativo Tipo 1 Cadena de Favores por la Esclerosis M\u00faltiple de Baile de Ping\u00fcinos - Asociaci\u00f3n Esclerosis M\u00faltiple","robots":{"index":"index","follow":"follow","max-snippet":"max-snippet:-1","max-image-preview":"max-image-preview:large","max-video-preview":"max-video-preview:-1"},"canonical":"https:\/\/bailedepinguinos.org\/cms\/producto\/donativo-tipo-1-cadena-de-favores-por-la-esclerosis-multiple-de-baile-de-pinguinos\/","og_locale":"es_ES","og_type":"article","og_title":"Abrazo Pinguino | Donativo Tipo 1 Cadena de Favores por la Esclerosis M\u00faltiple de Baile de Ping\u00fcinos - Asociaci\u00f3n Esclerosis M\u00faltiple","og_description":"En Baile de Ping\u00fcinos aprendemos y compartimos experiencias y herramientas para vivir de una forma m\u00e1s plena y feliz junto a la Esclerosis M\u00faltiple.  &nbsp;","og_url":"https:\/\/bailedepinguinos.org\/cms\/producto\/donativo-tipo-1-cadena-de-favores-por-la-esclerosis-multiple-de-baile-de-pinguinos\/","og_site_name":"Asociaci\u00f3n Esclerosis M\u00faltiple","article_publisher":"https:\/\/www.facebook.com\/BPinguinos","article_modified_time":"2026-03-03T11:49:36+00:00","og_image":[{"width":1160,"height":520,"url":"https:\/\/bailedepinguinos.org\/cms\/wp-content\/uploads\/2020\/09\/big2.jpg","type":"image\/jpeg"}],"twitter_card":"summary_large_image","schema":{"@context":"https:\/\/schema.org","@graph":[{"@type":"WebPage","@id":"https:\/\/bailedepinguinos.org\/cms\/producto\/donativo-tipo-1-cadena-de-favores-por-la-esclerosis-multiple-de-baile-de-pinguinos\/","url":"https:\/\/bailedepinguinos.org\/cms\/producto\/donativo-tipo-1-cadena-de-favores-por-la-esclerosis-multiple-de-baile-de-pinguinos\/","name":"Abrazo Pinguino | Donativo Tipo 1 Cadena de Favores por la Esclerosis M\u00faltiple de Baile de Ping\u00fcinos - Asociaci\u00f3n Esclerosis M\u00faltiple","isPartOf":{"@id":"https:\/\/bailedepinguinos.org\/cms\/#website"},"primaryImageOfPage":{"@id":"https:\/\/bailedepinguinos.org\/cms\/producto\/donativo-tipo-1-cadena-de-favores-por-la-esclerosis-multiple-de-baile-de-pinguinos\/#primaryimage"},"image":{"@id":"https:\/\/bailedepinguinos.org\/cms\/producto\/donativo-tipo-1-cadena-de-favores-por-la-esclerosis-multiple-de-baile-de-pinguinos\/#primaryimage"},"thumbnailUrl":"https:\/\/bailedepinguinos.org\/cms\/wp-content\/uploads\/2020\/09\/big2.jpg","datePublished":"2022-04-21T10:34:53+00:00","dateModified":"2026-03-03T11:49:36+00:00","breadcrumb":{"@id":"https:\/\/bailedepinguinos.org\/cms\/producto\/donativo-tipo-1-cadena-de-favores-por-la-esclerosis-multiple-de-baile-de-pinguinos\/#breadcrumb"},"inLanguage":"es","potentialAction":[{"@type":"ReadAction","target":["https:\/\/bailedepinguinos.org\/cms\/producto\/donativo-tipo-1-cadena-de-favores-por-la-esclerosis-multiple-de-baile-de-pinguinos\/"]}]},{"@type":"ImageObject","inLanguage":"es","@id":"https:\/\/bailedepinguinos.org\/cms\/producto\/donativo-tipo-1-cadena-de-favores-por-la-esclerosis-multiple-de-baile-de-pinguinos\/#primaryimage","url":"https:\/\/bailedepinguinos.org\/cms\/wp-content\/uploads\/2020\/09\/big2.jpg","contentUrl":"https:\/\/bailedepinguinos.org\/cms\/wp-content\/uploads\/2020\/09\/big2.jpg","width":1160,"height":520},{"@type":"BreadcrumbList","@id":"https:\/\/bailedepinguinos.org\/cms\/producto\/donativo-tipo-1-cadena-de-favores-por-la-esclerosis-multiple-de-baile-de-pinguinos\/#breadcrumb","itemListElement":[{"@type":"ListItem","position":1,"name":"Portada","item":"https:\/\/bailedepinguinos.org\/cms\/"},{"@type":"ListItem","position":2,"name":"Cursos","item":"https:\/\/bailedepinguinos.org\/cms\/cursos\/"},{"@type":"ListItem","position":3,"name":"Abrazo Pinguino | Donativo Tipo 1 Cadena de Favores por la Esclerosis M\u00faltiple de Baile de Ping\u00fcinos"}]},{"@type":"WebSite","@id":"https:\/\/bailedepinguinos.org\/cms\/#website","url":"https:\/\/bailedepinguinos.org\/cms\/","name":"Baile de Ping\u00fcinos por la Esclerosis M\u00faltiple","description":"Por una vida m\u00e1s plena y feliz","publisher":{"@id":"https:\/\/bailedepinguinos.org\/cms\/#organization"},"potentialAction":[{"@type":"SearchAction","target":{"@type":"EntryPoint","urlTemplate":"https:\/\/bailedepinguinos.org\/cms\/?s={search_term_string}"},"query-input":{"@type":"PropertyValueSpecification","valueRequired":true,"valueName":"search_term_string"}}],"inLanguage":"es"},{"@type":"Organization","@id":"https:\/\/bailedepinguinos.org\/cms\/#organization","name":"Baile de Ping\u00fcinos por la Esclerosis M\u00faltiple","url":"https:\/\/bailedepinguinos.org\/cms\/","logo":{"@type":"ImageObject","inLanguage":"es","@id":"https:\/\/bailedepinguinos.org\/cms\/#\/schema\/logo\/image\/","url":"https:\/\/bailedepinguinos.org\/cms\/wp-content\/uploads\/2019\/04\/logo.webp","contentUrl":"https:\/\/bailedepinguinos.org\/cms\/wp-content\/uploads\/2019\/04\/logo.webp","width":400,"height":200,"caption":"Baile de Ping\u00fcinos por la Esclerosis M\u00faltiple"},"image":{"@id":"https:\/\/bailedepinguinos.org\/cms\/#\/schema\/logo\/image\/"},"sameAs":["https:\/\/www.facebook.com\/BPinguinos","https:\/\/www.instagram.com\/bpinguinos\/","https:\/\/www.linkedin.com\/company\/bailedepinguinos\/","https:\/\/www.youtube.com\/channel\/UCK0Md362qt4P6op92BEkwXw"]}]}},"_links":{"self":[{"href":"https:\/\/bailedepinguinos.org\/cms\/wp-json\/wp\/v2\/product\/42258","targetHints":{"allow":["GET"]}}],"collection":[{"href":"https:\/\/bailedepinguinos.org\/cms\/wp-json\/wp\/v2\/product"}],"about":[{"href":"https:\/\/bailedepinguinos.org\/cms\/wp-json\/wp\/v2\/types\/product"}],"wp:featuredmedia":[{"embeddable":true,"href":"https:\/\/bailedepinguinos.org\/cms\/wp-json\/wp\/v2\/media\/31587"}],"wp:attachment":[{"href":"https:\/\/bailedepinguinos.org\/cms\/wp-json\/wp\/v2\/media?parent=42258"}],"wp:term":[{"taxonomy":"product_brand","embeddable":true,"href":"https:\/\/bailedepinguinos.org\/cms\/wp-json\/wp\/v2\/product_brand?post=42258"},{"taxonomy":"product_cat","embeddable":true,"href":"https:\/\/bailedepinguinos.org\/cms\/wp-json\/wp\/v2\/product_cat?post=42258"},{"taxonomy":"product_tag","embeddable":true,"href":"https:\/\/bailedepinguinos.org\/cms\/wp-json\/wp\/v2\/product_tag?post=42258"}],"curies":[{"name":"wp","href":"https:\/\/api.w.org\/{rel}","templated":true}]}}